{"id":599,"date":"2023-05-23T12:39:52","date_gmt":"2023-05-23T10:39:52","guid":{"rendered":"https:\/\/northseatranslations.no\/personvernerklaering\/"},"modified":"2023-08-23T14:32:56","modified_gmt":"2023-08-23T12:32:56","slug":"privacybeleid","status":"publish","type":"page","link":"https:\/\/northseatranslations.no\/nl\/privacybeleid\/","title":{"rendered":"Privacybeleid"},"content":{"rendered":"<p><strong>Kontaktskjemaer<\/strong><br \/>\nN\u00e5r du fyller ut et kontaktskjema vil informasjonen du har lagt inn samt din IP-adresse lagres i v\u00e5r database, og automatisk sendes til oss via e-post. Din IP-adresse vil ikke sendes sammen med e-posten.<\/p>\n<p><strong>Innebygd innhold fra andre nettsteder<\/strong><br \/>\nArtikler p\u00e5 denne siden kan inkludere innebygd innhold (f.eks. videoer, bilder, artikler osv.). Innebygd innhold fra andre nettsteder oppf\u00f8rer seg p\u00e5 n\u00f8yaktig samme m\u00e5te som om den bes\u00f8kende hadde bes\u00f8kt nettstedet som det innebygde innholdet kommer fra. Disse nettstedene kan samle inn opplysninger om deg, bruke informasjonskapsler eller bygge inn sporingssystemer fra en tredjepart og overv\u00e5ke hva du gj\u00f8r via dette innebygde innholdet. Dette omfatter ogs\u00e5 sporing av handlingene dine via det innebygde innholdet dersom du har en konto og er logget inn p\u00e5 nettstedet.<\/p>\n<p><strong>Google Analytics<\/strong><br \/>\nVi bruker Google Analytics for \u00e5 se hvordan brukerne bruker hjemmesiden v\u00e5r. Din IP-adresse blir pseudo-anonymisert slik at du som person ikke kan identifiseres.<\/p>\n<p>&nbsp;<\/p>\n<h3>Hvem vi deler dine opplysninger med<\/h3>\n<p>Dine opplysninger deles kun med v\u00e5r partner for webutvikling, og ikke med noen andre.<\/p>\n<h3>Hvor lenge vi oppbevarer opplysninger om deg<\/h3>\n<p><strong>Google Analytics<\/strong><br \/>\nData hos Google Analytics slettes etter 14 m\u00e5neder uavhengig av din aktivitet p\u00e5 nettstedet.<\/p>\n<p><strong>Sletting av opplysninger<\/strong><br \/>\n\u00d8nsker du at dine opplysninger skal slettes fra v\u00e5re systemer, send oss en mail eller bruk kontaktskjemaet.<\/p>\n<p>&nbsp;<\/p>\n<h2>Cookie beleid<\/h2>\n<div>\n<div class=\"CookieDeclaration\" dir=\"ltr\" lang=\"nb\">\n<p>We gebruiken cookies om u te helpen effici\u00ebnt te navigeren en bepaalde functies uit te voeren. U vindt gedetailleerde informatie over alle cookies onder de relevante toestemmingscategorie hieronder.<\/p>\n<p>De cookies die zijn gecategoriseerd als \u2018Noodzakelijk\u2019 worden in uw browser opgeslagen omdat ze essentieel zijn voor het inschakelen van de basisfuncties van de site.<\/p>\n<p>We gebruiken ook cookies van derden die ons helpen analyseren hoe u deze website gebruikt, uw voorkeuren op te slaan en de inhoud en advertenties te bieden die voor u relevant zijn. Deze cookies worden alleen met uw voorafgaande toestemming in uw browser opgeslagen.<\/p>\n<p>U kunt ervoor kiezen om sommige of al deze cookies in of uit te schakelen, maar het uitschakelen van sommige ervan kan uw browse-ervaring be\u00efnvloeden.<\/p>\n<\/div>\n<\/div>\n<style>\n    a.cky-banner-element {<br \/>        padding: 8px 30px;<br \/>        background: #F8F9FA;<br \/>        color: #858A8F;<br \/>        border: 1px solid #DEE2E6;<br \/>        box-sizing: border-box;<br \/>        border-radius: 2px;<br \/>        cursor: pointer;<br \/>}<br \/><\/style>\n<h2>Vi bruker disse Cookiene<\/h2>\n<div class=\"cky-audit-table-element\"><\/div>\n<p>&nbsp;<\/p>\n<h2>Slik avviser eller sletter du dine cookies<\/h2>\n<p>Du kan <span style=\"text-decoration: underline;\"><strong><a class=\"cky-banner-element\">endre dine innstillinger for cookies n\u00e5r du vil ved \u00e5 klikke her<\/a><\/strong><\/span>. Du vil da f\u00e5 opp banneret p\u00e5 nytt, og du kan endre innstillinger eller trekke ditt samtykke.<\/p>\n<h3>Avvisning av cookies:<\/h3>\n<p>Du kan alltid avvise cookies p\u00e5 din PC ved \u00e5 endre innstillingene i din Internett-browser. Hvor du finner disse innstillingene avhenger av hvilken browser du benytter. Du skal imidlertid v\u00e6re oppmerksom p\u00e5 at dersom du gj\u00f8r dette, vil det v\u00e6re mange funksjoner og tjenester du ikke kan benytte fordi disse funksjoner og tjenester forutsetter at hjemmesiden kan huske de valg du foretar.<\/p>\n<p>Du kan velge hvilke annonsenettverk du ikke \u00f8nsker at skal dele dine persondata p\u00e5 tvers av forskjellige slike nettverk\u00a0<a href=\"http:\/\/www.youronlinechoices.com\/nor\/dine-valg\" target=\"_blank\" rel=\"noopener noreferrer\">ved \u00e5 klikke her<\/a>.<\/p>\n<h3>Sletting av cookies:<\/h3>\n<p>Cookies som du tidligere har akseptert, kan senere enkelt slettes. Benytter du en PC med en nyere Internett-browser, kan du slette dine cookies ved \u00e5 benytte snarveistastene:\u00a0CTRL + SHIFT + Delete. Dersom disse ikke fungerer, og\/eller benytter du en MAC, m\u00e5 du f\u00f8rst avklare hvilken browser du benytter og deretter klikke p\u00e5 den relevante linken under:<\/p>\n<ul>\n<li><a href=\"https:\/\/support.microsoft.com\/nb-no\/windows\/slette-og-administrere-informasjonskapsler-168dab11-0753-043d-7c16-ede5947fc64d\" target=\"_blank\" rel=\"noopener noreferrer\">Internet Explorer<\/a><\/li>\n<li><a href=\"https:\/\/support.mozilla.org\/da\/kb\/slet-cookies-fjerne-oplysninger-fra-websteder?redirectslug=slet-cookies-fjerne-oplysninger-som-websteder-har-&amp;redirectlocale=da\" target=\"_blank\" rel=\"noopener noreferrer\">Mozilla Firefox<\/a><\/li>\n<li><a href=\"https:\/\/support.google.com\/chrome\/answer\/95647?hl=da\" target=\"_blank\" rel=\"noopener noreferrer\">Google Chrome<\/a><\/li>\n<li><a href=\"https:\/\/help.opera.com\/en\/latest\/web-preferences\/\" target=\"_blank\" rel=\"noopener noreferrer\">Opera<\/a><\/li>\n<li><a href=\"https:\/\/support.apple.com\/da-dk\/HT1677\" target=\"_blank\" rel=\"noopener noreferrer\">Safari<\/a><\/li>\n<li><a href=\"http:\/\/www.macromedia.com\/support\/documentation\/en\/flashplayer\/help\/settings_manager07.html\" target=\"_blank\" rel=\"noopener noreferrer\">Flash cookies<\/a><\/li>\n<li><a href=\"https:\/\/support.apple.com\/da-dk\/HT201265\" target=\"_blank\" rel=\"noopener noreferrer\">Apple<\/a><\/li>\n<li><a href=\"https:\/\/timeread.hubpages.com\/hub\/How-to-delete-internet-cookies-on-your-Droid-or-any-Android-device\" target=\"_blank\" rel=\"noopener noreferrer\">Android<\/a><\/li>\n<li><a href=\"https:\/\/support.microsoft.com\/nb-no\/windows\/windows-phone-7-3ebc303c-59c0-d367-3995-f258b184fabb\" target=\"_blank\" rel=\"noopener noreferrer\">Windows 7<\/a><\/li>\n<\/ul>\n<p>Husk: Benytter du flere Internett-browsere, m\u00e5 du slette cookies i hver enkelt.<\/p>\n","protected":false},"excerpt":{"rendered":"<p>Slik behandler vi dine opplysninger og h\u00e5ndterer personvern.<\/p>\n","protected":false},"author":1,"featured_media":0,"parent":0,"menu_order":0,"comment_status":"closed","ping_status":"closed","template":"","meta":{"_acf_changed":false,"footnotes":""},"class_list":["post-599","page","type-page","status-publish","hentry"],"acf":[],"_links":{"self":[{"href":"https:\/\/northseatranslations.no\/nl\/wp-json\/wp\/v2\/pages\/599","targetHints":{"allow":["GET"]}}],"collection":[{"href":"https:\/\/northseatranslations.no\/nl\/wp-json\/wp\/v2\/pages"}],"about":[{"href":"https:\/\/northseatranslations.no\/nl\/wp-json\/wp\/v2\/types\/page"}],"author":[{"embeddable":true,"href":"https:\/\/northseatranslations.no\/nl\/wp-json\/wp\/v2\/users\/1"}],"replies":[{"embeddable":true,"href":"https:\/\/northseatranslations.no\/nl\/wp-json\/wp\/v2\/comments?post=599"}],"version-history":[{"count":4,"href":"https:\/\/northseatranslations.no\/nl\/wp-json\/wp\/v2\/pages\/599\/revisions"}],"predecessor-version":[{"id":606,"href":"https:\/\/northseatranslations.no\/nl\/wp-json\/wp\/v2\/pages\/599\/revisions\/606"}],"wp:attachment":[{"href":"https:\/\/northseatranslations.no\/nl\/wp-json\/wp\/v2\/media?parent=599"}],"curies":[{"name":"wp","href":"https:\/\/api.w.org\/{rel}","templated":true}]}}